{"id":1137,"date":"2015-10-19T22:12:08","date_gmt":"2015-10-19T19:12:08","guid":{"rendered":"http:\/\/www.falundafa.fi\/kirjat\/0\/?page_id=1137"},"modified":"2023-04-09T21:05:58","modified_gmt":"2023-04-09T18:05:58","slug":"kaikille-pohjoismaisen-fa-konferenssin-oppilaille","status":"publish","type":"page","link":"https:\/\/www.falundafa.fi\/kirjat\/0\/ahkeran-edistymisen-perusteet-osa-ii\/kaikille-pohjoismaisen-fa-konferenssin-oppilaille\/","title":{"rendered":"Kaikille pohjoismaisen Fa-konferenssin oppilaille"},"content":{"rendered":"<p>[et_pb_section fb_built=\u201d1&#8243; admin_label=\u201dSection\u201d _builder_version=\u201d3.22&#8243;][et_pb_row padding_mobile=\u201doff\u201d column_padding_mobile=\u201doff\u201d admin_label=\u201dRow\u201d _builder_version=\u201d3.25&#8243; background_size=\u201dinitial\u201d background_position=\u201dtop_left\u201d background_repeat=\u201drepeat\u201d make_fullwidth=\u201doff\u201d use_custom_width=\u201doff\u201d width_unit=\u201don\u201d][et_pb_column type=\u201d4_4&#8243; _builder_version=\u201d3.25&#8243; custom_padding=\u201d|5em||5em\u201d custom_padding__hover=\u201d|||\u201d][et_pb_text admin_label=\u201dText zoom\u201d module_class=\u201dno-print\u201d _builder_version=\u201d3.0.87&#8243; background_size=\u201dinitial\u201d background_position=\u201dtop_left\u201d background_repeat=\u201drepeat\u201d text_orientation=\u201dcenter\u201d module_alignment=\u201dcenter\u201d use_border_color=\u201doff\u201d border_color=\u201d#ffffff\u201d border_style=\u201dsolid\u201d global_module=\u201d517&#8243; saved_tabs=\u201dgeneral,advanced\u201d locked=\u201don\u201d]<\/p>\n<p style=\"text-align: center;\">\n<script type=\"text\/javascript\"> \nvar tag='##P#A#H1#H2#H3#H4#H5#H6#SPAN#DIV#TD#LI#BUTTON#B#I#FONT#LABEL#STRONG#EM';\nvar class_='' ;\nvar id_='' ;\nvar max_=parseInt('120') ;\nvar min_=parseInt('80') ;\nvar all_elems=new Array();\nvar elements_id=null;\nvar al_id=false;\nvar al_class=false;\nvar allow_ids=new Array();\nvar allow_classes=new Array();\n\nx=id_;\nif(x)\n\twhile(x.indexOf('#')!=-1)\n\t{\n\tval=x.substr(0,x.indexOf('#'));\t   \n\tallow_ids.push(val);\n\tx=x.substr(x.indexOf('#')+1);\n\t}\nelse\n\tallow_ids[0]=false;\n\nx=class_;\nif(x)\n\twhile(x.indexOf('#')!=-1)\n\t{\n\tval=x.substr(0,x.indexOf('#'));\t   \n\tallow_classes.push(val);\n\tx=x.substr(x.indexOf('#')+1);\n\t}\nelse\n\tallow_classes[0]=false;\n\nfunction getTextNodesIn(node, includeWhitespaceNodes, fontSize)\n{\n    var textNodes = [], whitespace = \/^\\s*$\/;\n    function getTextNodes(node) \n    {\n    \t\t    \/\/alert(node.parentNode);\n\n        if (node.nodeType == 3) \n\t{\n\t\t    if (includeWhitespaceNodes || !whitespace.test(node.nodeValue)) \n\t\t    {\n\t\t    parent_=node.parentNode;\n\t\t\t  if(parent_.nodeName==\"FONT\" && parent_.getAttribute(\"my\")==\"my\" )\n\t\t\t  {if(((tag.indexOf('#'+parent_.parentNode.tagName)!=-1) || (tag.indexOf(\"all\")!=-1)) && (parent_.parentNode.tagName!=\"SCRIPT\"))\n\t\t\t\t{\n\t\t\t\t\tx=fontSize+\"%\";\n\t\t\t\t\tparent_.style.fontSize=x;\n\t\t\t\t}\n\t\t\t  }\n\t\t\t\t\t\t  \n\t\t\t  else\n\t\t\t  {\t\n\t\t\t\tif(((tag.indexOf('#'+parent_.tagName)!=-1) || (tag.indexOf(\"all\")!=-1)) && (parent_.tagName!=\"SCRIPT\"))\n\t\t\t\t {\n\n\t\t\t\t\tvar newnode=document.createElement('font');\n\t\t\t\t\tnewnode.setAttribute('style','font-size:'+fontSize+'%');\n\t\t\t\t\tnewnode.setAttribute('my','my');\n\t\t\t\t\t\n\t\t\t\t    var text = document.createTextNode(node.nodeValue);\n\t\t\t\t    \n\t\t\t\t    newnode.appendChild(text);\n\t\t\t\t    parent_.replaceChild(newnode,node);\n\t\t\t\t\ttextNodes.push(node);\n\t\t\t\t }   \n\t\t\t   }\n\t\t  \n\t\t    }\n        } \n\telse \n\t{\n            for (var i = 0, len = node.childNodes.length; i < len; ++i) \n\t    {\n                getTextNodes(node.childNodes[i]);\n            }\n        }\n    }\n\n    getTextNodes(node);\n    return textNodes;\n}\n\nvar prefsLoaded_my = false;\nvar defaultFontSize_my =100;\nvar currentFontSize_my = defaultFontSize_my;\n    \/\/alert(currentFontSize_my);\n\nfunction changeFontSize_my(sizeDifference_my){\n    currentFontSize_my = parseInt(currentFontSize_my) + parseInt(sizeDifference_my * 5);\n    if(currentFontSize_my > max_){\n        currentFontSize_my = max_;\n    }else if(currentFontSize_my < min_){\n        currentFontSize_my = min_;\n    }\nsetFontSize_my(currentFontSize_my);\n};\n\nfunction setFontSize_my(fontSize){\nfor(i=0; i<all_elems.length; i++)\n    \tgetTextNodesIn(all_elems[i],false, currentFontSize_my);\n};\n\n\nfunction revertStyles_my()\n{\n\n    currentFontSize_my = defaultFontSize_my;\n    setFontSize_my(0);\n\n}\n\n\nfunction createCookie_my(name,value,days) {\n  if (days) {\n    var date = new Date();\n    date.setTime(date.getTime()+(days*24*60*60*1000));\n    var expires = \"; expires=\"+date.toGMTString();\n  }\n  else expires = \"\";\n  document.cookie = name+\"=\"+value+expires+\"; path=\/\";\n};\n\nfunction readCookie_my(name) {\n  var nameEQ = name + \"=\";\n  var ca = document.cookie.split(';');\n  for(var i=0;i < ca.length;i++) {\n    var c = ca[i];\n    while (c.charAt(0)==' ') c = c.substring(1,c.length);\n    if (c.indexOf(nameEQ) == 0) return c.substring(nameEQ.length,c.length);\n  }\n  return null;\n};\n\n\n\tvar getElementsByClassName = function (className, tag, elm){\n\t\n\tif (document.getElementsByClassName) {\n\t\tgetElementsByClassName = function (className, tag, elm) {\n\t\t\telm = elm || document;\n\t\t\tvar elements = elm.getElementsByClassName(className),\n\t\t\t\tnodeName = (tag)? new RegExp(\"\\b\" + tag + \"\\b\", \"i\") : null,\n\t\t\t\treturnElements = [],\n\t\t\t\tcurrent;\n\t\t\tfor(var i=0, il=elements.length; i<il; i+=1){\n\t\t\t\tcurrent = elements[i];\n\t\t\t\tif(!nodeName || nodeName.test(current.nodeName)) {\n\t\t\t\t\treturnElements.push(current);\n\t\t\t\t}\n\t\t\t}\n\t\t\treturn returnElements;\n\t\t};\n\t}\n\telse if (document.evaluate) {\n\t\tgetElementsByClassName = function (className, tag, elm) {\n\t\t\ttag = tag || \"*\";\n\t\t\telm = elm || document;\n\t\t\tvar classes = className.split(\" \"),\n\t\t\t\tclassesToCheck = \"\",\n\t\t\t\txhtmlNamespace = \"http:\/\/www.w3.org\/1999\/xhtml\",\n\t\t\t\tnamespaceResolver = (document.documentElement.namespaceURI === xhtmlNamespace)? xhtmlNamespace : null,\n\t\t\t\treturnElements = [],\n\t\t\t\telements,\n\t\t\t\tnode;\n\t\t\tfor(var j=0, jl=classes.length; j<jl; j+=1){\n\t\t\t\tclassesToCheck += \"[contains(concat(' ', @class, ' '), ' \" + classes[j] + \" ')]\";\n\t\t\t}\n\t\t\ttry\t{\n\t\t\t\telements = document.evaluate(\".\/\/\" + tag + classesToCheck, elm, namespaceResolver, 0, null);\n\t\t\t}\n\t\t\tcatch (e) {\n\t\t\t\telements = document.evaluate(\".\/\/\" + tag + classesToCheck, elm, null, 0, null);\n\t\t\t}\n\t\t\twhile ((node = elements.iterateNext())) {\n\t\t\t\treturnElements.push(node);\n\t\t\t}\n\t\t\treturn returnElements;\n\t\t};\n\t}\n\telse {\n\t\tgetElementsByClassName = function (className, tag, elm) {\n\t\t\ttag = tag || \"*\";\n\t\t\telm = elm || document;\n\t\t\tvar classes = className.split(\" \"),\n\t\t\t\tclassesToCheck = [],\n\t\t\t\telements = (tag === \"*\" && elm.all)? elm.all : elm.getElementsByTagName(tag),\n\t\t\t\tcurrent,\n\t\t\t\treturnElements = [],\n\t\t\t\tmatch;\n\t\t\tfor(var k=0, kl=classes.length; k<kl; k+=1){\n\t\t\t\tclassesToCheck.push(new RegExp(\"(^|\\s)\" + classes[k] + \"(\\s|$)\"));\n\t\t\t}\n\t\t\tfor(var l=0, ll=elements.length; l<ll; l+=1){\n\t\t\t\tcurrent = elements[l];\n\t\t\t\tmatch = false;\n\t\t\t\tfor(var m=0, ml=classesToCheck.length; m<ml; m+=1){\n\t\t\t\t\tmatch = classesToCheck[m].test(current.className);\n\t\t\t\t\tif (!match) {\n\t\t\t\t\t\tbreak;\n\t\t\t\t\t}\n\t\t\t\t}\n\t\t\t\tif (match) {\n\t\t\t\t\treturnElements.push(current);\n\t\t\t\t}\n\t\t\t}\n\t\t\treturn returnElements;\n\t\t};\n\t}\n\treturn getElementsByClassName(className, tag, elm);\n};\n\nfunction zoomOnload()\n{\n\tif(allow_ids[0])\n\tfor(i=0; i<allow_ids.length; i++)\n\t{\n\t\tif(allow_ids[i])\n\t\t{\n\t\t\tif(document.getElementById(allow_ids[i]))\n\t\t\t{\n\t\t\t\tall_elems.push(document.getElementById(allow_ids[i]));\n\t\t\t}\n\t\t}\n\t}\n\t\n\telse\n\n\t{\n\t\t\tal_id=true;\n\t}\n\t\n\tif(allow_classes[0])\n\tfor(i=0; i<allow_classes.length; i++)\n\t{\n\t\tif(allow_classes[i])\n\t\t{\n\t\t\tif(getElementsByClassName(allow_classes[i])[0])\n\t\t\t{\n\t\t\t\tvar elements_class=new Array();\n\t\t\t\telements_class=getElementsByClassName(allow_classes[i]);\n\t\t\t\tfor(x=0; x<elements_class.length; x++)\n\t\t\t\t\tall_elems.push(elements_class[x]);\n\t\t\t}\n\t\t}\n\n\n\t}\n\t\n\telse\n\n\t{\n\t\t\tal_class=true;\n\t}\n\t\nif(al_id && al_class)\nall_elems[0]=document.body;\nsetUserOptions_my();\n\n}\n\n\nfunction setUserOptions_my(){\n\n    if(!prefsLoaded_my)\n    {\n        cookie = readCookie_my(\"fontSize\");\n        currentFontSize_my = cookie ? cookie : defaultFontSize_my;\n\tfor(i=0; i<all_elems.length; i++)\n\t{\n\n\t\tif(all_elems[i])\n\t\t\tsetFontSize_my(all_elems[i], false, currentFontSize_my);\n\t}\n        prefsLoaded_my = true;\n    }\n}\n\nfunction saveSettings_my()\n{\n  createCookie_my(\"fontSize\", currentFontSize_my, 365);\n}\n\nfunction zoomAddToOnload()\n{ \n\tif(zoomOldFunctionOnLoad){ zoomOldFunctionOnLoad(); }\n\tzoomOnload();\n}\n\nfunction zoomAddToOnUnload()\n{ \n\tif(zoomOldFunctionOnUnload){ zoomOldFunctionOnUnload(); }\n\tsaveSettings_my();\n}\n\nfunction zoomLoadBody()\n{\n\tzoomOldFunctionOnLoad = window.onload;\n\tzoomOldFunctionOnUnload = window.onunload;\n\twindow.onload = zoomAddToOnload;\n\twindow.onunload = zoomAddToOnUnload;\n}\n\nvar zoomOldFunctionOnLoad = null;\nvar zoomOldFunctionOnUnload = null;\n\nzoomLoadBody();\n<\/script>\n<img decoding=\"async\" src=\"https:\/\/www.falundafa.fi\/kirjat\/0\/wp-content\/plugins\/zoom-widget\/elements\/images\/1\/plus.png\" alt=\"+\" id=\"plus\" style=\"display:inline;cursor:pointer; height:50px\"  onclick=\"changeFontSize_my(2); return false;\"\/><img decoding=\"async\" src=\"https:\/\/www.falundafa.fi\/kirjat\/0\/wp-content\/plugins\/zoom-widget\/elements\/images\/1\/100.png\" alt=\"100%\" id=\"100\" style=\"display:inline;cursor:pointer; height:50px\"  onclick=\"revertStyles_my(2); return false;\"\/><img decoding=\"async\" src=\"https:\/\/www.falundafa.fi\/kirjat\/0\/wp-content\/plugins\/zoom-widget\/elements\/images\/1\/minus.png\" alt=\"-\" id=\"minus\" style=\"display:inline;cursor:pointer; height:50px\"  onclick=\"changeFontSize_my(-2); return false;\"\/><\/p>\n<p>[\/et_pb_text][et_pb_post_title meta=\u201doff\u201d featured_image=\u201doff\u201d admin_label=\u201dOtsikko\u201d module_id=\u201djingwen-otsikko\u201d _builder_version=\u201d3.0.87&#8243; title_all_caps=\u201doff\u201d background_color=\u201drgba(255,255,255,0)\u201d parallax=\u201don\u201d parallax_method=\u201doff\u201d text_orientation=\u201dcenter\u201d use_border_color=\u201doff\u201d border_color=\u201d#ffffff\u201d border_style=\u201dsolid\u201d parallax_effect=\u201don\u201d module_bg_color=\u201drgba(255,255,255,0)\u201d locked=\u201don\u201d][\/et_pb_post_title][et_pb_text admin_label=\u201dOikea p\u00e4iv\u00e4ys (lis\u00e4tt\u00e4v\u00e4 itse)\u201d _builder_version=\u201d3.27.4&#8243; background_size=\u201dinitial\u201d background_position=\u201dtop_left\u201d background_repeat=\u201drepeat\u201d text_orientation=\u201dcenter\u201d module_alignment=\u201dcenter\u201d use_border_color=\u201doff\u201d border_color=\u201d#ffffff\u201d border_style=\u201dsolid\u201d]<\/p>\n<p style=\"text-align: center;\"><em>Li Hongzhi<\/em><br \/>\n<em>17. kes\u00e4kuuta 2001<\/em><\/p>\n<p style=\"text-align: center;\">\n[\/et_pb_text][et_pb_divider show_divider=\u201doff\u201d disabled_on=\u201don|on|off\u201d admin_label=\u201dTyhj\u00e4 v\u00e4li\u201d _builder_version=\u201d3.23.4&#8243; height=\u201d5px\u201d hide_on_mobile=\u201don\u201d locked=\u201don\u201d][\/et_pb_divider][et_pb_text admin_label=\u201dVarsinainen tekstiosuus (lis\u00e4tt\u00e4v\u00e4 itse)\u201d _builder_version=\u201d4.0.11&#8243; background_size=\u201dinitial\u201d background_position=\u201dtop_left\u201d background_repeat=\u201drepeat\u201d use_border_color=\u201doff\u201d border_color=\u201d#ffffff\u201d border_style=\u201dsolid\u201d]<\/p>\n<p>Kaikki oppilaat Pohjoismaisessa Fa-konferenssissa:<\/p>\n<p>Dafa-opetuslapsille t\u00e4ydellistyminen on kultivointinne p\u00e4\u00e4t\u00f6s, ja Fa-oikaisu on suuri vastuu jonka historia on suonut teille Fa-oikaisun aikakauden aikana. Joten t\u00e4m\u00e4nhetkisen tosiasioiden selvent\u00e4misen ja pahuuden paljastamisen prosessin aikana, kaikki mit\u00e4 teemme ilment\u00e4\u00e4 Dafaa. Olemmepa selvent\u00e4m\u00e4ss\u00e4 tosiasioita, paljastamassa pahuutta tai ottamassa osaa muihin Dafan toimintoihin, mukaan lukien Fa-konferenssimme, meid\u00e4n tulisi osoittaa Dafa-opetuslasten laupeutta sek\u00e4 hyvyytt\u00e4 jonka Fa-oikaisun kultivointi tuo esiin. Haluaisin toivottaa Fa-konferenssille t\u00e4ydellist\u00e4 menestyst\u00e4.<\/p>\n<p>Sill\u00e4 v\u00e4lin, toivon ett\u00e4 oppilaat Euroopassa voivat olla enemm\u00e4n kuin oppilaat Pohjois-Amerikassa \u2013 jokaisen oppilaan tulisi, ryhm\u00e4toimintoihin osallistumisen lis\u00e4ksi, p\u00e4ivitt\u00e4isess\u00e4 el\u00e4m\u00e4ss\u00e4\u00e4n t\u00e4ysin tehd\u00e4 Dafa-opetuslapsen aloite, luoda mahtava hyveens\u00e4 tosiasioiden selvent\u00e4misen prosessissa, ja toimia hyvin omalla Dafa-opetuslapsen polullaan. Joten tosiasioiden selvent\u00e4misess\u00e4, \u00e4l\u00e4 odota, \u00e4l\u00e4 ole riippuvainen muista, \u00e4l\u00e4k\u00e4 vain toivo muutoksia ulkopuolisissa tekij\u00f6iss\u00e4. Jokainen meist\u00e4 luo historiaa tulevaisuutta varten, sen vuoksi kaikki eiv\u00e4t ainoastaan ota osaa ryhm\u00e4toimintoihin, vaan tekev\u00e4t my\u00f6s aloitteen etsi\u00e4kseen ty\u00f6t\u00e4 jota tehd\u00e4. Niin kauan kuin jokin on hyv\u00e4\u00e4 Dafalle, sinun tulisi tehd\u00e4 aloite sen tekemiseksi, tehd\u00e4 aloite sen k\u00e4sittelemiseksi. Jokainen ihminen, jonka kanssa tulet kosketuksiin t\u00e4ss\u00e4 yhteiskunnassa, on joku jolle selvent\u00e4\u00e4 tosiasioita, ja se, mik\u00e4 ilmenee tosiasioiden selvent\u00e4misess\u00e4, on Dafa-opetuslasten armo ja maailman ihmisten pelastus. Toivon ett\u00e4 jokainen Dafa-opetuslapsi tekee t\u00e4ysin aloitteen ja t\u00e4ysin toteuttaa osansa Dafa-opetuslapsena. J\u00e4lleen kerran, haluaisin toivottaa Fa-konferenssille t\u00e4ydellist\u00e4 menestyst\u00e4.<\/p>\n<p>Huomioikaa: Riippumatta siit\u00e4 kuinka kiireisi\u00e4 olette, ette voi laiminly\u00f6d\u00e4 Fa\u2019n opiskelua. T\u00e4m\u00e4 on se mik\u00e4 perustavanlaatuisesti varmistaa kulkemisenne kohti t\u00e4ydellistymist\u00e4 ja ett\u00e4 teette Dafa-ty\u00f6n hyvin.<\/p>\n<p style=\"text-align: center;\">\n[\/et_pb_text][et_pb_text admin_label=\u201dNavigointi\u201d module_class=\u201dno-print\u201d _builder_version=\u201d4.0.11&#8243; background_size=\u201dinitial\u201d background_position=\u201dtop_left\u201d background_repeat=\u201drepeat\u201d custom_padding=\u201d3em|||\u201d use_border_color=\u201doff\u201d border_color=\u201d#ffffff\u201d border_style=\u201dsolid\u201d saved_tabs=\u201dgeneral,advanced\u201d]<\/p>\n<table id=\"navigointi\" style=\"width: 100%;\">\n<tbody>\n<tr>\n<td align=\"left\"><a href=\"https:\/\/www.falundafa.fi\/kirjat\/0\/ahkeran-edistymisen-perusteet-osa-ii\/mita-ovat-yliluonnolliset-kyvyt\/\">&lt; Edellinen<\/a><\/td>\n<td align=\"center\"><a href=\"https:\/\/www.falundafa.fi\/kirjat\/0\/ahkeran-edistymisen-perusteet-osa-ii\/\">Sis\u00e4llysluettelo<\/a><\/td>\n<td align=\"right\"><a href=\"https:\/\/www.falundafa.fi\/kirjat\/0\/ahkeran-edistymisen-perusteet-osa-ii\/dafa-on-voittamaton\/\">Seuraava &gt;<\/a><\/td>\n<\/tr>\n<\/tbody>\n<\/table>\n<p>[\/et_pb_text][\/et_pb_column][\/et_pb_row][\/et_pb_section]<\/p>\n","protected":false},"excerpt":{"rendered":"<p><img decoding=\"async\" src=\"https:\/\/www.falundafa.fi\/kirjat\/0\/wp-content\/plugins\/zoom-widget\/elements\/images\/1\/plus.png\" alt=\"+\" id=\"plus\" style=\"display:inline;cursor:pointer; height:50px\"  onclick=\"changeFontSize_my(2); return false;\"\/><img decoding=\"async\" src=\"https:\/\/www.falundafa.fi\/kirjat\/0\/wp-content\/plugins\/zoom-widget\/elements\/images\/1\/100.png\" alt=\"100%\" id=\"100\" style=\"display:inline;cursor:pointer; height:50px\"  onclick=\"revertStyles_my(2); return false;\"\/><img decoding=\"async\" src=\"https:\/\/www.falundafa.fi\/kirjat\/0\/wp-content\/plugins\/zoom-widget\/elements\/images\/1\/minus.png\" alt=\"-\" id=\"minus\" style=\"display:inline;cursor:pointer; height:50px\"  onclick=\"changeFontSize_my(-2); return false;\"\/> Li Hongzhi 17. kes\u00e4kuuta 2001 Kaikki oppilaat Pohjoismaisessa Fa-konferenssissa: Dafa-opetuslapsille t\u00e4ydellistyminen on kultivointinne p\u00e4\u00e4t\u00f6s, ja Fa-oikaisu on suuri vastuu jonka historia on suonut teille Fa-oikaisun aikakauden aikana. Joten t\u00e4m\u00e4nhetkisen tosiasioiden selvent\u00e4misen ja pahuuden paljastamisen prosessin aikana, kaikki mit\u00e4 teemme ilment\u00e4\u00e4 Dafaa. Olemmepa selvent\u00e4m\u00e4ss\u00e4 tosiasioita, paljastamassa pahuutta tai ottamassa osaa muihin Dafan toimintoihin, mukaan lukien [&hellip;]<\/p>\n","protected":false},"author":2,"featured_media":0,"parent":1919,"menu_order":0,"comment_status":"closed","ping_status":"closed","template":"page-template-blank.php","meta":{"_et_pb_use_builder":"on","_et_pb_old_content":"","_et_gb_content_width":"","inline_featured_image":false,"_exactmetrics_skip_tracking":false,"_exactmetrics_sitenote_active":false,"_exactmetrics_sitenote_note":"","_exactmetrics_sitenote_category":0,"footnotes":""},"categories":[9],"tags":[],"class_list":["post-1137","page","type-page","status-publish","hentry","category-3-luokka"],"yoast_head":"<!-- This site is optimized with the Yoast SEO plugin v24.0 - https:\/\/yoast.com\/wordpress\/plugins\/seo\/ -->\n<title>Kaikille pohjoismaisen Fa-konferenssin oppilaille - Falun Dafa \/ Falun Gong | Kirjat ja luennot<\/title>\n<meta name=\"robots\" content=\"noindex, follow\" \/>\n<meta property=\"og:locale\" content=\"en_US\" \/>\n<meta property=\"og:type\" content=\"article\" \/>\n<meta property=\"og:title\" content=\"Kaikille pohjoismaisen Fa-konferenssin oppilaille - Falun Dafa \/ Falun Gong | Kirjat ja luennot\" \/>\n<meta property=\"og:description\" content=\"Li Hongzhi 17. kes\u00e4kuuta 2001 Kaikki oppilaat Pohjoismaisessa Fa-konferenssissa: Dafa-opetuslapsille t\u00e4ydellistyminen on kultivointinne p\u00e4\u00e4t\u00f6s, ja Fa-oikaisu on suuri vastuu jonka historia on suonut teille Fa-oikaisun aikakauden aikana. Joten t\u00e4m\u00e4nhetkisen tosiasioiden selvent\u00e4misen ja pahuuden paljastamisen prosessin aikana, kaikki mit\u00e4 teemme ilment\u00e4\u00e4 Dafaa. Olemmepa selvent\u00e4m\u00e4ss\u00e4 tosiasioita, paljastamassa pahuutta tai ottamassa osaa muihin Dafan toimintoihin, mukaan lukien [&hellip;]\" \/>\n<meta property=\"og:url\" content=\"https:\/\/www.falundafa.fi\/kirjat\/0\/ahkeran-edistymisen-perusteet-osa-ii\/kaikille-pohjoismaisen-fa-konferenssin-oppilaille\/\" \/>\n<meta property=\"og:site_name\" content=\"Falun Dafa \/ Falun Gong | Kirjat ja luennot\" \/>\n<meta property=\"article:modified_time\" content=\"2023-04-09T18:05:58+00:00\" \/>\n<meta name=\"twitter:card\" content=\"summary_large_image\" \/>\n<meta name=\"twitter:label1\" content=\"Est. reading time\" \/>\n\t<meta name=\"twitter:data1\" content=\"3 minutes\" \/>\n<script type=\"application\/ld+json\" class=\"yoast-schema-graph\">{\"@context\":\"https:\/\/schema.org\",\"@graph\":[{\"@type\":\"WebPage\",\"@id\":\"https:\/\/www.falundafa.fi\/kirjat\/0\/ahkeran-edistymisen-perusteet-osa-ii\/kaikille-pohjoismaisen-fa-konferenssin-oppilaille\/\",\"url\":\"https:\/\/www.falundafa.fi\/kirjat\/0\/ahkeran-edistymisen-perusteet-osa-ii\/kaikille-pohjoismaisen-fa-konferenssin-oppilaille\/\",\"name\":\"Kaikille pohjoismaisen Fa-konferenssin oppilaille - Falun Dafa \/ Falun Gong | Kirjat ja luennot\",\"isPartOf\":{\"@id\":\"https:\/\/www.falundafa.fi\/kirjat\/0\/#website\"},\"datePublished\":\"2015-10-19T19:12:08+00:00\",\"dateModified\":\"2023-04-09T18:05:58+00:00\",\"breadcrumb\":{\"@id\":\"https:\/\/www.falundafa.fi\/kirjat\/0\/ahkeran-edistymisen-perusteet-osa-ii\/kaikille-pohjoismaisen-fa-konferenssin-oppilaille\/#breadcrumb\"},\"inLanguage\":\"en-US\",\"potentialAction\":[{\"@type\":\"ReadAction\",\"target\":[\"https:\/\/www.falundafa.fi\/kirjat\/0\/ahkeran-edistymisen-perusteet-osa-ii\/kaikille-pohjoismaisen-fa-konferenssin-oppilaille\/\"]}]},{\"@type\":\"BreadcrumbList\",\"@id\":\"https:\/\/www.falundafa.fi\/kirjat\/0\/ahkeran-edistymisen-perusteet-osa-ii\/kaikille-pohjoismaisen-fa-konferenssin-oppilaille\/#breadcrumb\",\"itemListElement\":[{\"@type\":\"ListItem\",\"position\":1,\"name\":\"Home\",\"item\":\"https:\/\/www.falundafa.fi\/kirjat\/0\/\"},{\"@type\":\"ListItem\",\"position\":2,\"name\":\"Ahkeran edistymisen perusteet \u2013 osa II\",\"item\":\"https:\/\/www.falundafa.fi\/kirjat\/0\/ahkeran-edistymisen-perusteet-osa-ii\/\"},{\"@type\":\"ListItem\",\"position\":3,\"name\":\"Kaikille pohjoismaisen Fa-konferenssin oppilaille\"}]},{\"@type\":\"WebSite\",\"@id\":\"https:\/\/www.falundafa.fi\/kirjat\/0\/#website\",\"url\":\"https:\/\/www.falundafa.fi\/kirjat\/0\/\",\"name\":\"Falun Dafa \/ Falun Gong | Kirjat ja luennot\",\"description\":\"Lue Li Hongzhi&#039;n suomeksi k\u00e4\u00e4nnettyj\u00e4 kirjoja ja luentoja verkossa.\",\"potentialAction\":[{\"@type\":\"SearchAction\",\"target\":{\"@type\":\"EntryPoint\",\"urlTemplate\":\"https:\/\/www.falundafa.fi\/kirjat\/0\/?s={search_term_string}\"},\"query-input\":{\"@type\":\"PropertyValueSpecification\",\"valueRequired\":true,\"valueName\":\"search_term_string\"}}],\"inLanguage\":\"en-US\"}]}<\/script>\n<!-- \/ Yoast SEO plugin. -->","yoast_head_json":{"title":"Kaikille pohjoismaisen Fa-konferenssin oppilaille - Falun Dafa \/ Falun Gong | Kirjat ja luennot","robots":{"index":"noindex","follow":"follow"},"og_locale":"en_US","og_type":"article","og_title":"Kaikille pohjoismaisen Fa-konferenssin oppilaille - Falun Dafa \/ Falun Gong | Kirjat ja luennot","og_description":"Li Hongzhi 17. kes\u00e4kuuta 2001 Kaikki oppilaat Pohjoismaisessa Fa-konferenssissa: Dafa-opetuslapsille t\u00e4ydellistyminen on kultivointinne p\u00e4\u00e4t\u00f6s, ja Fa-oikaisu on suuri vastuu jonka historia on suonut teille Fa-oikaisun aikakauden aikana. Joten t\u00e4m\u00e4nhetkisen tosiasioiden selvent\u00e4misen ja pahuuden paljastamisen prosessin aikana, kaikki mit\u00e4 teemme ilment\u00e4\u00e4 Dafaa. Olemmepa selvent\u00e4m\u00e4ss\u00e4 tosiasioita, paljastamassa pahuutta tai ottamassa osaa muihin Dafan toimintoihin, mukaan lukien [&hellip;]","og_url":"https:\/\/www.falundafa.fi\/kirjat\/0\/ahkeran-edistymisen-perusteet-osa-ii\/kaikille-pohjoismaisen-fa-konferenssin-oppilaille\/","og_site_name":"Falun Dafa \/ Falun Gong | Kirjat ja luennot","article_modified_time":"2023-04-09T18:05:58+00:00","twitter_card":"summary_large_image","twitter_misc":{"Est. reading time":"3 minutes"},"schema":{"@context":"https:\/\/schema.org","@graph":[{"@type":"WebPage","@id":"https:\/\/www.falundafa.fi\/kirjat\/0\/ahkeran-edistymisen-perusteet-osa-ii\/kaikille-pohjoismaisen-fa-konferenssin-oppilaille\/","url":"https:\/\/www.falundafa.fi\/kirjat\/0\/ahkeran-edistymisen-perusteet-osa-ii\/kaikille-pohjoismaisen-fa-konferenssin-oppilaille\/","name":"Kaikille pohjoismaisen Fa-konferenssin oppilaille - Falun Dafa \/ Falun Gong | Kirjat ja luennot","isPartOf":{"@id":"https:\/\/www.falundafa.fi\/kirjat\/0\/#website"},"datePublished":"2015-10-19T19:12:08+00:00","dateModified":"2023-04-09T18:05:58+00:00","breadcrumb":{"@id":"https:\/\/www.falundafa.fi\/kirjat\/0\/ahkeran-edistymisen-perusteet-osa-ii\/kaikille-pohjoismaisen-fa-konferenssin-oppilaille\/#breadcrumb"},"inLanguage":"en-US","potentialAction":[{"@type":"ReadAction","target":["https:\/\/www.falundafa.fi\/kirjat\/0\/ahkeran-edistymisen-perusteet-osa-ii\/kaikille-pohjoismaisen-fa-konferenssin-oppilaille\/"]}]},{"@type":"BreadcrumbList","@id":"https:\/\/www.falundafa.fi\/kirjat\/0\/ahkeran-edistymisen-perusteet-osa-ii\/kaikille-pohjoismaisen-fa-konferenssin-oppilaille\/#breadcrumb","itemListElement":[{"@type":"ListItem","position":1,"name":"Home","item":"https:\/\/www.falundafa.fi\/kirjat\/0\/"},{"@type":"ListItem","position":2,"name":"Ahkeran edistymisen perusteet \u2013 osa II","item":"https:\/\/www.falundafa.fi\/kirjat\/0\/ahkeran-edistymisen-perusteet-osa-ii\/"},{"@type":"ListItem","position":3,"name":"Kaikille pohjoismaisen Fa-konferenssin oppilaille"}]},{"@type":"WebSite","@id":"https:\/\/www.falundafa.fi\/kirjat\/0\/#website","url":"https:\/\/www.falundafa.fi\/kirjat\/0\/","name":"Falun Dafa \/ Falun Gong | Kirjat ja luennot","description":"Lue Li Hongzhi&#039;n suomeksi k\u00e4\u00e4nnettyj\u00e4 kirjoja ja luentoja verkossa.","potentialAction":[{"@type":"SearchAction","target":{"@type":"EntryPoint","urlTemplate":"https:\/\/www.falundafa.fi\/kirjat\/0\/?s={search_term_string}"},"query-input":{"@type":"PropertyValueSpecification","valueRequired":true,"valueName":"search_term_string"}}],"inLanguage":"en-US"}]}},"_links":{"self":[{"href":"https:\/\/www.falundafa.fi\/kirjat\/0\/wp-json\/wp\/v2\/pages\/1137","targetHints":{"allow":["GET"]}}],"collection":[{"href":"https:\/\/www.falundafa.fi\/kirjat\/0\/wp-json\/wp\/v2\/pages"}],"about":[{"href":"https:\/\/www.falundafa.fi\/kirjat\/0\/wp-json\/wp\/v2\/types\/page"}],"author":[{"embeddable":true,"href":"https:\/\/www.falundafa.fi\/kirjat\/0\/wp-json\/wp\/v2\/users\/2"}],"replies":[{"embeddable":true,"href":"https:\/\/www.falundafa.fi\/kirjat\/0\/wp-json\/wp\/v2\/comments?post=1137"}],"version-history":[{"count":0,"href":"https:\/\/www.falundafa.fi\/kirjat\/0\/wp-json\/wp\/v2\/pages\/1137\/revisions"}],"up":[{"embeddable":true,"href":"https:\/\/www.falundafa.fi\/kirjat\/0\/wp-json\/wp\/v2\/pages\/1919"}],"wp:attachment":[{"href":"https:\/\/www.falundafa.fi\/kirjat\/0\/wp-json\/wp\/v2\/media?parent=1137"}],"wp:term":[{"taxonomy":"category","embeddable":true,"href":"https:\/\/www.falundafa.fi\/kirjat\/0\/wp-json\/wp\/v2\/categories?post=1137"},{"taxonomy":"post_tag","embeddable":true,"href":"https:\/\/www.falundafa.fi\/kirjat\/0\/wp-json\/wp\/v2\/tags?post=1137"}],"curies":[{"name":"wp","href":"https:\/\/api.w.org\/{rel}","templated":true}]}}