{"id":1526,"date":"2015-11-24T18:55:19","date_gmt":"2015-11-24T16:55:19","guid":{"rendered":"http:\/\/www.falundafa.fi\/kirjat\/0\/?page_id=1526"},"modified":"2025-01-20T19:45:18","modified_gmt":"2025-01-20T17:45:18","slug":"todellinen-luonto-paljastettu","status":"publish","type":"page","link":"https:\/\/www.falundafa.fi\/kirjat\/0\/ahkeran-edistymisen-perusteet-osa-ii\/todellinen-luonto-paljastettu\/","title":{"rendered":"Todellinen luonto paljastettu"},"content":{"rendered":"<p>[et_pb_section fb_built=\u201d1&#8243; admin_label=\u201dSection\u201d _builder_version=\u201d4.16&#8243; global_colors_info=\u201d{}\u201d][et_pb_row padding_mobile=\u201doff\u201d column_padding_mobile=\u201doff\u201d admin_label=\u201dRow\u201d _builder_version=\u201d4.16&#8243; background_size=\u201dinitial\u201d background_position=\u201dtop_left\u201d background_repeat=\u201drepeat\u201d make_fullwidth=\u201doff\u201d use_custom_width=\u201doff\u201d width_unit=\u201don\u201d global_colors_info=\u201d{}\u201d][et_pb_column type=\u201d4_4&#8243; _builder_version=\u201d4.16&#8243; custom_padding=\u201d|5em||5em\u201d global_colors_info=\u201d{}\u201d custom_padding__hover=\u201d|||\u201d][et_pb_text admin_label=\u201dText zoom\u201d module_class=\u201dno-print\u201d _builder_version=\u201d3.0.87&#8243; background_size=\u201dinitial\u201d background_position=\u201dtop_left\u201d background_repeat=\u201drepeat\u201d text_orientation=\u201dcenter\u201d module_alignment=\u201dcenter\u201d use_border_color=\u201doff\u201d border_color=\u201d#ffffff\u201d border_style=\u201dsolid\u201d global_module=\u201d517&#8243; saved_tabs=\u201dgeneral,advanced\u201d locked=\u201don\u201d global_colors_info=\u201d{}\u201d]<\/p>\n<p style=\"text-align: center;\">\n<script type=\"text\/javascript\"> \nvar tag='##P#A#H1#H2#H3#H4#H5#H6#SPAN#DIV#TD#LI#BUTTON#B#I#FONT#LABEL#STRONG#EM';\nvar class_='' ;\nvar id_='' ;\nvar max_=parseInt('120') ;\nvar min_=parseInt('80') ;\nvar all_elems=new Array();\nvar elements_id=null;\nvar al_id=false;\nvar al_class=false;\nvar allow_ids=new Array();\nvar allow_classes=new Array();\n\nx=id_;\nif(x)\n\twhile(x.indexOf('#')!=-1)\n\t{\n\tval=x.substr(0,x.indexOf('#'));\t   \n\tallow_ids.push(val);\n\tx=x.substr(x.indexOf('#')+1);\n\t}\nelse\n\tallow_ids[0]=false;\n\nx=class_;\nif(x)\n\twhile(x.indexOf('#')!=-1)\n\t{\n\tval=x.substr(0,x.indexOf('#'));\t   \n\tallow_classes.push(val);\n\tx=x.substr(x.indexOf('#')+1);\n\t}\nelse\n\tallow_classes[0]=false;\n\nfunction getTextNodesIn(node, includeWhitespaceNodes, fontSize)\n{\n    var textNodes = [], whitespace = \/^\\s*$\/;\n    function getTextNodes(node) \n    {\n    \t\t    \/\/alert(node.parentNode);\n\n        if (node.nodeType == 3) \n\t{\n\t\t    if (includeWhitespaceNodes || !whitespace.test(node.nodeValue)) \n\t\t    {\n\t\t    parent_=node.parentNode;\n\t\t\t  if(parent_.nodeName==\"FONT\" && parent_.getAttribute(\"my\")==\"my\" )\n\t\t\t  {if(((tag.indexOf('#'+parent_.parentNode.tagName)!=-1) || (tag.indexOf(\"all\")!=-1)) && (parent_.parentNode.tagName!=\"SCRIPT\"))\n\t\t\t\t{\n\t\t\t\t\tx=fontSize+\"%\";\n\t\t\t\t\tparent_.style.fontSize=x;\n\t\t\t\t}\n\t\t\t  }\n\t\t\t\t\t\t  \n\t\t\t  else\n\t\t\t  {\t\n\t\t\t\tif(((tag.indexOf('#'+parent_.tagName)!=-1) || (tag.indexOf(\"all\")!=-1)) && (parent_.tagName!=\"SCRIPT\"))\n\t\t\t\t {\n\n\t\t\t\t\tvar newnode=document.createElement('font');\n\t\t\t\t\tnewnode.setAttribute('style','font-size:'+fontSize+'%');\n\t\t\t\t\tnewnode.setAttribute('my','my');\n\t\t\t\t\t\n\t\t\t\t    var text = document.createTextNode(node.nodeValue);\n\t\t\t\t    \n\t\t\t\t    newnode.appendChild(text);\n\t\t\t\t    parent_.replaceChild(newnode,node);\n\t\t\t\t\ttextNodes.push(node);\n\t\t\t\t }   \n\t\t\t   }\n\t\t  \n\t\t    }\n        } \n\telse \n\t{\n            for (var i = 0, len = node.childNodes.length; i < len; ++i) \n\t    {\n                getTextNodes(node.childNodes[i]);\n            }\n        }\n    }\n\n    getTextNodes(node);\n    return textNodes;\n}\n\nvar prefsLoaded_my = false;\nvar defaultFontSize_my =100;\nvar currentFontSize_my = defaultFontSize_my;\n    \/\/alert(currentFontSize_my);\n\nfunction changeFontSize_my(sizeDifference_my){\n    currentFontSize_my = parseInt(currentFontSize_my) + parseInt(sizeDifference_my * 5);\n    if(currentFontSize_my > max_){\n        currentFontSize_my = max_;\n    }else if(currentFontSize_my < min_){\n        currentFontSize_my = min_;\n    }\nsetFontSize_my(currentFontSize_my);\n};\n\nfunction setFontSize_my(fontSize){\nfor(i=0; i<all_elems.length; i++)\n    \tgetTextNodesIn(all_elems[i],false, currentFontSize_my);\n};\n\n\nfunction revertStyles_my()\n{\n\n    currentFontSize_my = defaultFontSize_my;\n    setFontSize_my(0);\n\n}\n\n\nfunction createCookie_my(name,value,days) {\n  if (days) {\n    var date = new Date();\n    date.setTime(date.getTime()+(days*24*60*60*1000));\n    var expires = \"; expires=\"+date.toGMTString();\n  }\n  else expires = \"\";\n  document.cookie = name+\"=\"+value+expires+\"; path=\/\";\n};\n\nfunction readCookie_my(name) {\n  var nameEQ = name + \"=\";\n  var ca = document.cookie.split(';');\n  for(var i=0;i < ca.length;i++) {\n    var c = ca[i];\n    while (c.charAt(0)==' ') c = c.substring(1,c.length);\n    if (c.indexOf(nameEQ) == 0) return c.substring(nameEQ.length,c.length);\n  }\n  return null;\n};\n\n\n\tvar getElementsByClassName = function (className, tag, elm){\n\t\n\tif (document.getElementsByClassName) {\n\t\tgetElementsByClassName = function (className, tag, elm) {\n\t\t\telm = elm || document;\n\t\t\tvar elements = elm.getElementsByClassName(className),\n\t\t\t\tnodeName = (tag)? new RegExp(\"\\b\" + tag + \"\\b\", \"i\") : null,\n\t\t\t\treturnElements = [],\n\t\t\t\tcurrent;\n\t\t\tfor(var i=0, il=elements.length; i<il; i+=1){\n\t\t\t\tcurrent = elements[i];\n\t\t\t\tif(!nodeName || nodeName.test(current.nodeName)) {\n\t\t\t\t\treturnElements.push(current);\n\t\t\t\t}\n\t\t\t}\n\t\t\treturn returnElements;\n\t\t};\n\t}\n\telse if (document.evaluate) {\n\t\tgetElementsByClassName = function (className, tag, elm) {\n\t\t\ttag = tag || \"*\";\n\t\t\telm = elm || document;\n\t\t\tvar classes = className.split(\" \"),\n\t\t\t\tclassesToCheck = \"\",\n\t\t\t\txhtmlNamespace = \"http:\/\/www.w3.org\/1999\/xhtml\",\n\t\t\t\tnamespaceResolver = (document.documentElement.namespaceURI === xhtmlNamespace)? xhtmlNamespace : null,\n\t\t\t\treturnElements = [],\n\t\t\t\telements,\n\t\t\t\tnode;\n\t\t\tfor(var j=0, jl=classes.length; j<jl; j+=1){\n\t\t\t\tclassesToCheck += \"[contains(concat(' ', @class, ' '), ' \" + classes[j] + \" ')]\";\n\t\t\t}\n\t\t\ttry\t{\n\t\t\t\telements = document.evaluate(\".\/\/\" + tag + classesToCheck, elm, namespaceResolver, 0, null);\n\t\t\t}\n\t\t\tcatch (e) {\n\t\t\t\telements = document.evaluate(\".\/\/\" + tag + classesToCheck, elm, null, 0, null);\n\t\t\t}\n\t\t\twhile ((node = elements.iterateNext())) {\n\t\t\t\treturnElements.push(node);\n\t\t\t}\n\t\t\treturn returnElements;\n\t\t};\n\t}\n\telse {\n\t\tgetElementsByClassName = function (className, tag, elm) {\n\t\t\ttag = tag || \"*\";\n\t\t\telm = elm || document;\n\t\t\tvar classes = className.split(\" \"),\n\t\t\t\tclassesToCheck = [],\n\t\t\t\telements = (tag === \"*\" && elm.all)? elm.all : elm.getElementsByTagName(tag),\n\t\t\t\tcurrent,\n\t\t\t\treturnElements = [],\n\t\t\t\tmatch;\n\t\t\tfor(var k=0, kl=classes.length; k<kl; k+=1){\n\t\t\t\tclassesToCheck.push(new RegExp(\"(^|\\s)\" + classes[k] + \"(\\s|$)\"));\n\t\t\t}\n\t\t\tfor(var l=0, ll=elements.length; l<ll; l+=1){\n\t\t\t\tcurrent = elements[l];\n\t\t\t\tmatch = false;\n\t\t\t\tfor(var m=0, ml=classesToCheck.length; m<ml; m+=1){\n\t\t\t\t\tmatch = classesToCheck[m].test(current.className);\n\t\t\t\t\tif (!match) {\n\t\t\t\t\t\tbreak;\n\t\t\t\t\t}\n\t\t\t\t}\n\t\t\t\tif (match) {\n\t\t\t\t\treturnElements.push(current);\n\t\t\t\t}\n\t\t\t}\n\t\t\treturn returnElements;\n\t\t};\n\t}\n\treturn getElementsByClassName(className, tag, elm);\n};\n\nfunction zoomOnload()\n{\n\tif(allow_ids[0])\n\tfor(i=0; i<allow_ids.length; i++)\n\t{\n\t\tif(allow_ids[i])\n\t\t{\n\t\t\tif(document.getElementById(allow_ids[i]))\n\t\t\t{\n\t\t\t\tall_elems.push(document.getElementById(allow_ids[i]));\n\t\t\t}\n\t\t}\n\t}\n\t\n\telse\n\n\t{\n\t\t\tal_id=true;\n\t}\n\t\n\tif(allow_classes[0])\n\tfor(i=0; i<allow_classes.length; i++)\n\t{\n\t\tif(allow_classes[i])\n\t\t{\n\t\t\tif(getElementsByClassName(allow_classes[i])[0])\n\t\t\t{\n\t\t\t\tvar elements_class=new Array();\n\t\t\t\telements_class=getElementsByClassName(allow_classes[i]);\n\t\t\t\tfor(x=0; x<elements_class.length; x++)\n\t\t\t\t\tall_elems.push(elements_class[x]);\n\t\t\t}\n\t\t}\n\n\n\t}\n\t\n\telse\n\n\t{\n\t\t\tal_class=true;\n\t}\n\t\nif(al_id && al_class)\nall_elems[0]=document.body;\nsetUserOptions_my();\n\n}\n\n\nfunction setUserOptions_my(){\n\n    if(!prefsLoaded_my)\n    {\n        cookie = readCookie_my(\"fontSize\");\n        currentFontSize_my = cookie ? cookie : defaultFontSize_my;\n\tfor(i=0; i<all_elems.length; i++)\n\t{\n\n\t\tif(all_elems[i])\n\t\t\tsetFontSize_my(all_elems[i], false, currentFontSize_my);\n\t}\n        prefsLoaded_my = true;\n    }\n}\n\nfunction saveSettings_my()\n{\n  createCookie_my(\"fontSize\", currentFontSize_my, 365);\n}\n\nfunction zoomAddToOnload()\n{ \n\tif(zoomOldFunctionOnLoad){ zoomOldFunctionOnLoad(); }\n\tzoomOnload();\n}\n\nfunction zoomAddToOnUnload()\n{ \n\tif(zoomOldFunctionOnUnload){ zoomOldFunctionOnUnload(); }\n\tsaveSettings_my();\n}\n\nfunction zoomLoadBody()\n{\n\tzoomOldFunctionOnLoad = window.onload;\n\tzoomOldFunctionOnUnload = window.onunload;\n\twindow.onload = zoomAddToOnload;\n\twindow.onunload = zoomAddToOnUnload;\n}\n\nvar zoomOldFunctionOnLoad = null;\nvar zoomOldFunctionOnUnload = null;\n\nzoomLoadBody();\n<\/script>\n<img decoding=\"async\" src=\"https:\/\/www.falundafa.fi\/kirjat\/0\/wp-content\/plugins\/zoom-widget\/elements\/images\/1\/plus.png\" alt=\"+\" id=\"plus\" style=\"display:inline;cursor:pointer; height:50px\"  onclick=\"changeFontSize_my(2); return false;\"\/><img decoding=\"async\" src=\"https:\/\/www.falundafa.fi\/kirjat\/0\/wp-content\/plugins\/zoom-widget\/elements\/images\/1\/100.png\" alt=\"100%\" id=\"100\" style=\"display:inline;cursor:pointer; height:50px\"  onclick=\"revertStyles_my(2); return false;\"\/><img decoding=\"async\" src=\"https:\/\/www.falundafa.fi\/kirjat\/0\/wp-content\/plugins\/zoom-widget\/elements\/images\/1\/minus.png\" alt=\"-\" id=\"minus\" style=\"display:inline;cursor:pointer; height:50px\"  onclick=\"changeFontSize_my(-2); return false;\"\/><\/p>\n<p>[\/et_pb_text][et_pb_post_title meta=\u201doff\u201d featured_image=\u201doff\u201d admin_label=\u201dOtsikko\u201d module_id=\u201djingwen-otsikko\u201d _builder_version=\u201d4.16&#8243; title_all_caps=\u201doff\u201d background_color=\u201drgba(255,255,255,0)\u201d parallax=\u201don\u201d parallax_method=\u201doff\u201d text_orientation=\u201dcenter\u201d use_border_color=\u201doff\u201d border_color=\u201d#ffffff\u201d border_style=\u201dsolid\u201d parallax_effect=\u201don\u201d module_bg_color=\u201drgba(255,255,255,0)\u201d locked=\u201don\u201d global_colors_info=\u201d{}\u201d][\/et_pb_post_title][et_pb_text admin_label=\u201dOikea p\u00e4iv\u00e4ys (lis\u00e4tt\u00e4v\u00e4 itse)\u201d _builder_version=\u201d4.27.4&#8243; background_size=\u201dinitial\u201d background_position=\u201dtop_left\u201d background_repeat=\u201drepeat\u201d text_orientation=\u201dcenter\u201d module_alignment=\u201dcenter\u201d use_border_color=\u201doff\u201d border_color=\u201d#ffffff\u201d border_style=\u201dsolid\u201d global_colors_info=\u201d{}\u201d]<\/p>\n<p style=\"text-align: center;\"><em>Hongzhi Li<\/em><br \/>\n<em>8. toukokuuta 1999<\/em><\/p>\n<p style=\"text-align: center;\">[\/et_pb_text][et_pb_divider show_divider=\u201doff\u201d disabled_on=\u201don|on|off\u201d admin_label=\u201dTyhj\u00e4 v\u00e4li\u201d _builder_version=\u201d4.16&#8243; height=\u201d5px\u201d hide_on_mobile=\u201don\u201d locked=\u201don\u201d global_colors_info=\u201d{}\u201d][\/et_pb_divider][et_pb_text admin_label=\u201dVarsinainen tekstiosuus (lis\u00e4tt\u00e4v\u00e4 itse)\u201d _builder_version=\u201d4.27.4&#8243; background_size=\u201dinitial\u201d background_position=\u201dtop_left\u201d background_repeat=\u201drepeat\u201d use_border_color=\u201doff\u201d border_color=\u201d#ffffff\u201d border_style=\u201dsolid\u201d global_colors_info=\u201d{}\u201d]Kultivoi Dafaa p\u00e4\u00e4tt\u00e4v\u00e4isesti, syd\u00e4n ja mieli liikahtamatta<\/p>\n<p>Kohomainen tasoilla on se, mik\u00e4 on perustavanlaatuista<\/p>\n<p>Koetusten edess\u00e4 henkil\u00f6n todellinen luonto paljastetaan<\/p>\n<p>Saavuta t\u00e4ydellistyminen, tullen buddhaksi, taoksi tai jumalaksi[\/et_pb_text][et_pb_text admin_label=\u201dNavigointi\u201d module_class=\u201dno-print\u201d _builder_version=\u201d4.16&#8243; background_size=\u201dinitial\u201d background_position=\u201dtop_left\u201d background_repeat=\u201drepeat\u201d custom_padding=\u201d3em|||\u201d use_border_color=\u201doff\u201d border_color=\u201d#ffffff\u201d border_style=\u201dsolid\u201d saved_tabs=\u201dgeneral,advanced\u201d global_colors_info=\u201d{}\u201d]<\/p>\n<table id=\"navigointi\" style=\"width: 100%;\">\n<tbody>\n<tr>\n<td align=\"left\"><a href=\"https:\/\/www.falundafa.fi\/kirjat\/0\/ahkeran-edistymisen-perusteet-osa-ii\/\">&lt; Edellinen<\/a><\/td>\n<td align=\"center\"><a href=\"https:\/\/www.falundafa.fi\/kirjat\/0\/ahkeran-edistymisen-perusteet-osa-ii\/\">Sis\u00e4llysluettelo<\/a><\/td>\n<td align=\"right\"><a href=\"https:\/\/www.falundafa.fi\/kirjat\/0\/ahkeran-edistymisen-perusteet-osa-ii\/muutamia-ajatuksiani\/\">Seuraava &gt;<\/a><\/td>\n<\/tr>\n<\/tbody>\n<\/table>\n<p>[\/et_pb_text][\/et_pb_column][\/et_pb_row][\/et_pb_section]<\/p>\n","protected":false},"excerpt":{"rendered":"<p><img decoding=\"async\" src=\"https:\/\/www.falundafa.fi\/kirjat\/0\/wp-content\/plugins\/zoom-widget\/elements\/images\/1\/plus.png\" alt=\"+\" id=\"plus\" style=\"display:inline;cursor:pointer; height:50px\"  onclick=\"changeFontSize_my(2); return false;\"\/><img decoding=\"async\" src=\"https:\/\/www.falundafa.fi\/kirjat\/0\/wp-content\/plugins\/zoom-widget\/elements\/images\/1\/100.png\" alt=\"100%\" id=\"100\" style=\"display:inline;cursor:pointer; height:50px\"  onclick=\"revertStyles_my(2); return false;\"\/><img decoding=\"async\" src=\"https:\/\/www.falundafa.fi\/kirjat\/0\/wp-content\/plugins\/zoom-widget\/elements\/images\/1\/minus.png\" alt=\"-\" id=\"minus\" style=\"display:inline;cursor:pointer; height:50px\"  onclick=\"changeFontSize_my(-2); return false;\"\/> Hongzhi Li 8. toukokuuta 1999 Kultivoi Dafaa p\u00e4\u00e4tt\u00e4v\u00e4isesti, syd\u00e4n ja mieli liikahtamatta Kohomainen tasoilla on se, mik\u00e4 on perustavanlaatuista Koetusten edess\u00e4 henkil\u00f6n todellinen luonto paljastetaan Saavuta t\u00e4ydellistyminen, tullen buddhaksi, taoksi tai jumalaksi &lt; Edellinen Sis\u00e4llysluettelo Seuraava &gt;<\/p>\n","protected":false},"author":2,"featured_media":0,"parent":1919,"menu_order":0,"comment_status":"closed","ping_status":"closed","template":"page-template-blank.php","meta":{"_et_pb_use_builder":"on","_et_pb_old_content":"","_et_gb_content_width":"","inline_featured_image":false,"_exactmetrics_skip_tracking":false,"_exactmetrics_sitenote_active":false,"_exactmetrics_sitenote_note":"","_exactmetrics_sitenote_category":0,"footnotes":""},"categories":[7],"tags":[],"class_list":["post-1526","page","type-page","status-publish","hentry","category-1-luokka"],"yoast_head":"<!-- This site is optimized with the Yoast SEO plugin v24.0 - https:\/\/yoast.com\/wordpress\/plugins\/seo\/ -->\n<title>Todellinen luonto paljastettu - Falun Dafa \/ Falun Gong | Kirjat ja luennot<\/title>\n<meta name=\"robots\" content=\"noindex, follow\" \/>\n<meta property=\"og:locale\" content=\"en_US\" \/>\n<meta property=\"og:type\" content=\"article\" \/>\n<meta property=\"og:title\" content=\"Todellinen luonto paljastettu - Falun Dafa \/ Falun Gong | Kirjat ja luennot\" \/>\n<meta property=\"og:description\" content=\"Hongzhi Li 8. toukokuuta 1999 Kultivoi Dafaa p\u00e4\u00e4tt\u00e4v\u00e4isesti, syd\u00e4n ja mieli liikahtamatta Kohomainen tasoilla on se, mik\u00e4 on perustavanlaatuista Koetusten edess\u00e4 henkil\u00f6n todellinen luonto paljastetaan Saavuta t\u00e4ydellistyminen, tullen buddhaksi, taoksi tai jumalaksi &lt; Edellinen Sis\u00e4llysluettelo Seuraava &gt;\" \/>\n<meta property=\"og:url\" content=\"https:\/\/www.falundafa.fi\/kirjat\/0\/ahkeran-edistymisen-perusteet-osa-ii\/todellinen-luonto-paljastettu\/\" \/>\n<meta property=\"og:site_name\" content=\"Falun Dafa \/ Falun Gong | Kirjat ja luennot\" \/>\n<meta property=\"article:modified_time\" content=\"2025-01-20T17:45:18+00:00\" \/>\n<meta name=\"twitter:card\" content=\"summary_large_image\" \/>\n<meta name=\"twitter:label1\" content=\"Est. reading time\" \/>\n\t<meta name=\"twitter:data1\" content=\"1 minute\" \/>\n<script type=\"application\/ld+json\" class=\"yoast-schema-graph\">{\"@context\":\"https:\/\/schema.org\",\"@graph\":[{\"@type\":\"WebPage\",\"@id\":\"https:\/\/www.falundafa.fi\/kirjat\/0\/ahkeran-edistymisen-perusteet-osa-ii\/todellinen-luonto-paljastettu\/\",\"url\":\"https:\/\/www.falundafa.fi\/kirjat\/0\/ahkeran-edistymisen-perusteet-osa-ii\/todellinen-luonto-paljastettu\/\",\"name\":\"Todellinen luonto paljastettu - Falun Dafa \/ Falun Gong | Kirjat ja luennot\",\"isPartOf\":{\"@id\":\"https:\/\/www.falundafa.fi\/kirjat\/0\/#website\"},\"datePublished\":\"2015-11-24T16:55:19+00:00\",\"dateModified\":\"2025-01-20T17:45:18+00:00\",\"breadcrumb\":{\"@id\":\"https:\/\/www.falundafa.fi\/kirjat\/0\/ahkeran-edistymisen-perusteet-osa-ii\/todellinen-luonto-paljastettu\/#breadcrumb\"},\"inLanguage\":\"en-US\",\"potentialAction\":[{\"@type\":\"ReadAction\",\"target\":[\"https:\/\/www.falundafa.fi\/kirjat\/0\/ahkeran-edistymisen-perusteet-osa-ii\/todellinen-luonto-paljastettu\/\"]}]},{\"@type\":\"BreadcrumbList\",\"@id\":\"https:\/\/www.falundafa.fi\/kirjat\/0\/ahkeran-edistymisen-perusteet-osa-ii\/todellinen-luonto-paljastettu\/#breadcrumb\",\"itemListElement\":[{\"@type\":\"ListItem\",\"position\":1,\"name\":\"Home\",\"item\":\"https:\/\/www.falundafa.fi\/kirjat\/0\/\"},{\"@type\":\"ListItem\",\"position\":2,\"name\":\"Ahkeran edistymisen perusteet \u2013 osa II\",\"item\":\"https:\/\/www.falundafa.fi\/kirjat\/0\/ahkeran-edistymisen-perusteet-osa-ii\/\"},{\"@type\":\"ListItem\",\"position\":3,\"name\":\"Todellinen luonto paljastettu\"}]},{\"@type\":\"WebSite\",\"@id\":\"https:\/\/www.falundafa.fi\/kirjat\/0\/#website\",\"url\":\"https:\/\/www.falundafa.fi\/kirjat\/0\/\",\"name\":\"Falun Dafa \/ Falun Gong | Kirjat ja luennot\",\"description\":\"Lue Li Hongzhi&#039;n suomeksi k\u00e4\u00e4nnettyj\u00e4 kirjoja ja luentoja verkossa.\",\"potentialAction\":[{\"@type\":\"SearchAction\",\"target\":{\"@type\":\"EntryPoint\",\"urlTemplate\":\"https:\/\/www.falundafa.fi\/kirjat\/0\/?s={search_term_string}\"},\"query-input\":{\"@type\":\"PropertyValueSpecification\",\"valueRequired\":true,\"valueName\":\"search_term_string\"}}],\"inLanguage\":\"en-US\"}]}<\/script>\n<!-- \/ Yoast SEO plugin. -->","yoast_head_json":{"title":"Todellinen luonto paljastettu - Falun Dafa \/ Falun Gong | Kirjat ja luennot","robots":{"index":"noindex","follow":"follow"},"og_locale":"en_US","og_type":"article","og_title":"Todellinen luonto paljastettu - Falun Dafa \/ Falun Gong | Kirjat ja luennot","og_description":"Hongzhi Li 8. toukokuuta 1999 Kultivoi Dafaa p\u00e4\u00e4tt\u00e4v\u00e4isesti, syd\u00e4n ja mieli liikahtamatta Kohomainen tasoilla on se, mik\u00e4 on perustavanlaatuista Koetusten edess\u00e4 henkil\u00f6n todellinen luonto paljastetaan Saavuta t\u00e4ydellistyminen, tullen buddhaksi, taoksi tai jumalaksi &lt; Edellinen Sis\u00e4llysluettelo Seuraava &gt;","og_url":"https:\/\/www.falundafa.fi\/kirjat\/0\/ahkeran-edistymisen-perusteet-osa-ii\/todellinen-luonto-paljastettu\/","og_site_name":"Falun Dafa \/ Falun Gong | Kirjat ja luennot","article_modified_time":"2025-01-20T17:45:18+00:00","twitter_card":"summary_large_image","twitter_misc":{"Est. reading time":"1 minute"},"schema":{"@context":"https:\/\/schema.org","@graph":[{"@type":"WebPage","@id":"https:\/\/www.falundafa.fi\/kirjat\/0\/ahkeran-edistymisen-perusteet-osa-ii\/todellinen-luonto-paljastettu\/","url":"https:\/\/www.falundafa.fi\/kirjat\/0\/ahkeran-edistymisen-perusteet-osa-ii\/todellinen-luonto-paljastettu\/","name":"Todellinen luonto paljastettu - Falun Dafa \/ Falun Gong | Kirjat ja luennot","isPartOf":{"@id":"https:\/\/www.falundafa.fi\/kirjat\/0\/#website"},"datePublished":"2015-11-24T16:55:19+00:00","dateModified":"2025-01-20T17:45:18+00:00","breadcrumb":{"@id":"https:\/\/www.falundafa.fi\/kirjat\/0\/ahkeran-edistymisen-perusteet-osa-ii\/todellinen-luonto-paljastettu\/#breadcrumb"},"inLanguage":"en-US","potentialAction":[{"@type":"ReadAction","target":["https:\/\/www.falundafa.fi\/kirjat\/0\/ahkeran-edistymisen-perusteet-osa-ii\/todellinen-luonto-paljastettu\/"]}]},{"@type":"BreadcrumbList","@id":"https:\/\/www.falundafa.fi\/kirjat\/0\/ahkeran-edistymisen-perusteet-osa-ii\/todellinen-luonto-paljastettu\/#breadcrumb","itemListElement":[{"@type":"ListItem","position":1,"name":"Home","item":"https:\/\/www.falundafa.fi\/kirjat\/0\/"},{"@type":"ListItem","position":2,"name":"Ahkeran edistymisen perusteet \u2013 osa II","item":"https:\/\/www.falundafa.fi\/kirjat\/0\/ahkeran-edistymisen-perusteet-osa-ii\/"},{"@type":"ListItem","position":3,"name":"Todellinen luonto paljastettu"}]},{"@type":"WebSite","@id":"https:\/\/www.falundafa.fi\/kirjat\/0\/#website","url":"https:\/\/www.falundafa.fi\/kirjat\/0\/","name":"Falun Dafa \/ Falun Gong | Kirjat ja luennot","description":"Lue Li Hongzhi&#039;n suomeksi k\u00e4\u00e4nnettyj\u00e4 kirjoja ja luentoja verkossa.","potentialAction":[{"@type":"SearchAction","target":{"@type":"EntryPoint","urlTemplate":"https:\/\/www.falundafa.fi\/kirjat\/0\/?s={search_term_string}"},"query-input":{"@type":"PropertyValueSpecification","valueRequired":true,"valueName":"search_term_string"}}],"inLanguage":"en-US"}]}},"_links":{"self":[{"href":"https:\/\/www.falundafa.fi\/kirjat\/0\/wp-json\/wp\/v2\/pages\/1526","targetHints":{"allow":["GET"]}}],"collection":[{"href":"https:\/\/www.falundafa.fi\/kirjat\/0\/wp-json\/wp\/v2\/pages"}],"about":[{"href":"https:\/\/www.falundafa.fi\/kirjat\/0\/wp-json\/wp\/v2\/types\/page"}],"author":[{"embeddable":true,"href":"https:\/\/www.falundafa.fi\/kirjat\/0\/wp-json\/wp\/v2\/users\/2"}],"replies":[{"embeddable":true,"href":"https:\/\/www.falundafa.fi\/kirjat\/0\/wp-json\/wp\/v2\/comments?post=1526"}],"version-history":[{"count":4,"href":"https:\/\/www.falundafa.fi\/kirjat\/0\/wp-json\/wp\/v2\/pages\/1526\/revisions"}],"predecessor-version":[{"id":19387,"href":"https:\/\/www.falundafa.fi\/kirjat\/0\/wp-json\/wp\/v2\/pages\/1526\/revisions\/19387"}],"up":[{"embeddable":true,"href":"https:\/\/www.falundafa.fi\/kirjat\/0\/wp-json\/wp\/v2\/pages\/1919"}],"wp:attachment":[{"href":"https:\/\/www.falundafa.fi\/kirjat\/0\/wp-json\/wp\/v2\/media?parent=1526"}],"wp:term":[{"taxonomy":"category","embeddable":true,"href":"https:\/\/www.falundafa.fi\/kirjat\/0\/wp-json\/wp\/v2\/categories?post=1526"},{"taxonomy":"post_tag","embeddable":true,"href":"https:\/\/www.falundafa.fi\/kirjat\/0\/wp-json\/wp\/v2\/tags?post=1526"}],"curies":[{"name":"wp","href":"https:\/\/api.w.org\/{rel}","templated":true}]}}