{"id":305,"date":"2015-09-24T05:15:54","date_gmt":"2015-09-24T02:15:54","guid":{"rendered":"http:\/\/www.falundafa.fi\/kirjat\/0\/?page_id=305"},"modified":"2015-10-02T10:01:19","modified_gmt":"2015-10-02T07:01:19","slug":"falun-gong-2012","status":"publish","type":"page","link":"https:\/\/www.falundafa.fi\/kirjat\/0\/falun-gong-2012\/","title":{"rendered":"Falun Gong (2012)"},"content":{"rendered":"<p>[et_pb_section admin_label=\u201dSection\u201d fullwidth=\u201doff\u201d specialty=\u201doff\u201d][et_pb_row admin_label=\u201dRow\u201d make_fullwidth=\u201doff\u201d use_custom_width=\u201doff\u201d width_unit=\u201don\u201d use_custom_gutter=\u201doff\u201d padding_mobile=\u201doff\u201d allow_player_pause=\u201doff\u201d parallax=\u201doff\u201d parallax_method=\u201doff\u201d make_equal=\u201doff\u201d padding_right_1=\u201d5em\u201d padding_left_1=\u201d5em\u201d column_padding_mobile=\u201doff\u201d][et_pb_column type=\u201d4_4&#8243;][et_pb_text admin_label=\u201dOtsikkotiedot\u201d background_layout=\u201dlight\u201d text_orientation=\u201dleft\u201d use_border_color=\u201doff\u201d border_color=\u201d#ffffff\u201d border_style=\u201dsolid\u201d]<\/p>\n<h1 style=\"text-align: center;\">Falun Gong<\/h1>\n<p style=\"text-align: center;\"><strong>Li Hongzhi<\/strong><\/p>\n<p style=\"text-align: center;\">(1993)<\/p>\n<p style=\"text-align: center;\">Suomenkielinen k\u00e4\u00e4nn\u00f6s\u00a0(2012)<\/p>\n<p style=\"text-align: center;\">Kaikki oikeudet pid\u00e4tet\u00e4\u00e4n.<\/p>\n<p style=\"text-align: center;\">Kirjan viitteet ovat k\u00e4\u00e4nt\u00e4jien lis\u00e4yksi\u00e4.<\/p>\n<p>[\/et_pb_text][et_pb_divider admin_label=\u201dDivider\u201d color=\u201d#e8e8e8&#8243; show_divider=\u201don\u201d divider_style=\u201dsolid\u201d divider_position=\u201dtop\u201d hide_on_mobile=\u201doff\u201d height=\u201d25&#8243;]<\/p>\n<p>&nbsp;<\/p>\n<p>[\/et_pb_divider][et_pb_text admin_label=\u201dSis\u00e4llysluettelo\u201d background_layout=\u201dlight\u201d text_orientation=\u201dleft\u201d use_border_color=\u201doff\u201d border_color=\u201d#ffffff\u201d border_style=\u201dsolid\u201d module_id=\u201dsisallysluettelo\u201d]<\/p>\n<a class=\"mwm-aal-item\" name=\"lunyu\"><\/a><h2 style=\"text-align: left;\"><a href=\"http:\/\/www.falundafa.fi\/kirjat\/0\/falun-gong-2012\/lunyu\/\">L\u00fany\u01d4<\/a><\/h2>\n<a class=\"mwm-aal-item\" name=\"kappale-i-johdanto\"><\/a><h2 style=\"text-align: left;\"><a href=\"http:\/\/www.falundafa.fi\/kirjat\/0\/falun-gong-2012\/kappale-i-johdanto\/\">Kappale I\u00a0\u2013 Johdanto<\/a><\/h2>\n<p style=\"text-align: left;\"><a href=\"http:\/\/www.falundafa.fi\/kirjat\/0\/falun-gong-2012\/kappale-i-johdanto\/#1-qigongin-alkuper\u00e4\">1. Qigongin alkuper\u00e4<\/a><\/p>\n<p style=\"text-align: left;\"><a href=\"http:\/\/www.falundafa.fi\/kirjat\/0\/falun-gong-2012\/kappale-i-johdanto\/#2-qi-ja-gong\">2. Qi ja gong<\/a><\/p>\n<p style=\"text-align: left;\"><a href=\"http:\/\/www.falundafa.fi\/kirjat\/0\/falun-gong-2012\/kappale-i-johdanto\/#3-gong-voima-ja-yliluonnolliset-kyvyt\">3. Gong-voima ja yliluonnolliset kyvyt<\/a><\/p>\n<p style=\"text-align: left;\"><a href=\"http:\/\/www.falundafa.fi\/kirjat\/0\/falun-gong-2012\/kappale-i-johdanto\/#4-taivaallinen-silma\">4. Taivaallinen silm\u00e4<\/a><\/p>\n<p style=\"text-align: left;\"><a href=\"http:\/\/www.falundafa.fi\/kirjat\/0\/falun-gong-2012\/kappale-i-johdanto\/#5-qigong-hoidot-ja-sairaalahoidot\">5. Qigong-hoidot ja sairaalahoidot<\/a><\/p>\n<p style=\"text-align: left;\"><a href=\"http:\/\/www.falundafa.fi\/kirjat\/0\/falun-gong-2012\/kappale-i-johdanto\/#6-buddha-jarjestelman-qigong-ja-buddhalaisuus-uskontona\">6. Buddha-j\u00e4rjestelm\u00e4n qigong ja buddhalaisuus uskontona<\/a><\/p>\n<p style=\"text-align: left;\"><a href=\"http:\/\/www.falundafa.fi\/kirjat\/0\/falun-gong-2012\/kappale-i-johdanto\/#7-oikeamieliset-kultivointimenetelmat-ja-harhaoppiset-menetelmat\">7. Oikeamieliset kultivointimenetelm\u00e4t ja harhaoppiset menetelm\u00e4t<\/a><\/p>\n<a class=\"mwm-aal-item\" name=\"kappale-ii-falun-gong\"><\/a><h2 style=\"text-align: left;\"><a href=\"http:\/\/www.falundafa.fi\/kirjat\/0\/falun-gong-2012\/kappale-ii-falun-gong\/\">Kappale II \u2013 Falun Gong<\/a><\/h2>\n<p style=\"text-align: left;\"><a href=\"http:\/\/www.falundafa.fi\/kirjat\/0\/falun-gong-2012\/kappale-ii-falun-gong\/#1-falunin-tehtava\">1. Falunin teht\u00e4v\u00e4<\/a><\/p>\n<p style=\"text-align: left;\"><a href=\"http:\/\/www.falundafa.fi\/kirjat\/0\/falun-gong-2012\/kappale-ii-falun-gong\/#2-falunin-kokoonpano\">2. Falunin kokoonpano<\/a><\/p>\n<p style=\"text-align: left;\"><a href=\"http:\/\/www.falundafa.fi\/kirjat\/0\/falun-gong-2012\/kappale-ii-falun-gong\/#3-falun-gong-kultivoinnin-ominaispiirteet\">3. Falun Gong -kultivoinnin ominaispiirteet<\/a><\/p>\n<p style=\"text-align: left;\"><a href=\"http:\/\/www.falundafa.fi\/kirjat\/0\/falun-gong-2012\/kappale-ii-falun-gong\/#4-mielen-ja-kehon-rinnakkainen-kultivointi\">4. Mielen ja kehon rinnakkainen kultivointi<\/a><\/p>\n<p style=\"text-align: left;\"><a href=\"http:\/\/www.falundafa.fi\/kirjat\/0\/falun-gong-2012\/kappale-ii-falun-gong\/#5-ajatukset\">5. Ajatukset<\/a><\/p>\n<p style=\"text-align: left;\"><a href=\"http:\/\/www.falundafa.fi\/kirjat\/0\/falun-gong-2012\/kappale-ii-falun-gong\/#6-kultivointitasot-falun-gongissa\">6. Kultivointitasot Falun Gongissa<\/a><\/p>\n<a class=\"mwm-aal-item\" name=\"kappale-iii-luonteenlaadun-kultivointi\"><\/a><h2 style=\"text-align: left;\"><a href=\"http:\/\/www.falundafa.fi\/kirjat\/0\/falun-gong-2012\/kappale-iii-luonteenlaadun-kultivointi\/\">Kappale III \u2013 Luonteenlaadun kultivointi<\/a><\/h2>\n<p style=\"text-align: left;\"><a href=\"http:\/\/www.falundafa.fi\/kirjat\/0\/falun-gong-2012\/kappale-iii-luonteenlaadun-kultivointi\/#1-luonteenlaadun-merkitys\">1. Luonteenlaadun merkitys<\/a><\/p>\n<p style=\"text-align: left;\"><a href=\"http:\/\/www.falundafa.fi\/kirjat\/0\/falun-gong-2012\/kappale-iii-luonteenlaadun-kultivointi\/#2-menetys-ja-voitto\">2. Menetys ja voitto<\/a><\/p>\n<p style=\"text-align: left;\"><a href=\"http:\/\/www.falundafa.fi\/kirjat\/0\/falun-gong-2012\/kappale-iii-luonteenlaadun-kultivointi\/#3-zhen-shan-renin-samanaikainen-kultivointi\">3. <em>Zhe\u0304n<\/em>\u2013<em>Sha\u0300n<\/em>\u2013<em>Re\u030cn<\/em>in samanaikainen kultivointi<\/a><\/p>\n<p style=\"text-align: left;\"><a href=\"http:\/\/www.falundafa.fi\/kirjat\/0\/falun-gong-2012\/kappale-iii-luonteenlaadun-kultivointi\/#4-kateudesta-luopuminen\">4. Kateudesta luopuminen<\/a><\/p>\n<p style=\"text-align: left;\"><a href=\"http:\/\/www.falundafa.fi\/kirjat\/0\/falun-gong-2012\/kappale-iii-luonteenlaadun-kultivointi\/#5-kiintymyksista-luopuminen\">5. Kiintymyksist\u00e4 luopuminen<\/a><\/p>\n<p style=\"text-align: left;\"><a href=\"http:\/\/www.falundafa.fi\/kirjat\/0\/falun-gong-2012\/kappale-iii-luonteenlaadun-kultivointi\/#6-karma\">6. Karma<\/a><\/p>\n<p style=\"text-align: left;\"><a href=\"http:\/\/www.falundafa.fi\/kirjat\/0\/falun-gong-2012\/kappale-iii-luonteenlaadun-kultivointi\/#7-demoninen-hairinta\">7. Demoninen h\u00e4irint\u00e4<\/a><\/p>\n<p style=\"text-align: left;\"><a href=\"http:\/\/www.falundafa.fi\/kirjat\/0\/falun-gong-2012\/kappale-iii-luonteenlaadun-kultivointi\/#8-synnynnainen-perusta-ja-valaistumiskyky\">8. Synnynn\u00e4inen perusta ja valaistumiskyky<\/a><\/p>\n<p style=\"text-align: left;\"><a href=\"http:\/\/www.falundafa.fi\/kirjat\/0\/falun-gong-2012\/kappale-iii-luonteenlaadun-kultivointi\/#9-selkea-ja-puhdas-mieli\">9. Selke\u00e4 ja puhdas mieli<\/a><\/p>\n<a class=\"mwm-aal-item\" name=\"kappale-iv-falun-gong-harjoitusjarjestelma\"><\/a><h2 style=\"text-align: left;\"><a href=\"http:\/\/www.falundafa.fi\/kirjat\/0\/falun-gong-2012\/kappale-iv-falun-gong-harjoitusjarjestelma\/\">Kappale IV \u2013 Falun Gong -harjoitusj\u00e4rjestelm\u00e4<\/a><\/h2>\n<p style=\"text-align: left;\"><a href=\"http:\/\/www.falundafa.fi\/kirjat\/0\/falun-gong-2012\/kappale-iv-falun-gong-harjoitusjarjestelma\/#1-buddha-ojentaa-tuhat-katta-fo-zhan-qianshou-fa\">1. Buddha ojentaa tuhat k\u00e4tt\u00e4 (Fo Zhan Qianshou Fa)<\/a><\/p>\n<p style=\"text-align: left;\"><a href=\"http:\/\/www.falundafa.fi\/kirjat\/0\/falun-gong-2012\/kappale-iv-falun-gong-harjoitusjarjestelma\/#2-falun-pylvasasento-falun-zhuang-fa\">2. Falun-pylv\u00e4sasento (Falun Zhuang Fa)<\/a><\/p>\n<p style=\"text-align: left;\"><a href=\"http:\/\/www.falundafa.fi\/kirjat\/0\/falun-gong-2012\/kappale-iv-falun-gong-harjoitusjarjestelma\/#3-kahden-aaripaan-lavistaminen-guantong-liangji-fa\">3. Kahden \u00e4\u00e4rip\u00e4\u00e4n l\u00e4vist\u00e4minen (Guantong Liangji Fa)<\/a><\/p>\n<p style=\"text-align: left;\"><a href=\"http:\/\/www.falundafa.fi\/kirjat\/0\/falun-gong-2012\/kappale-iv-falun-gong-harjoitusjarjestelma\/#4-falun-taivaallinen-kiertokulku-falun-zhoutian-fa\">4. Falun- taivaallinen kiertokulku (Falun Zhoutian Fa)<\/a><\/p>\n<p style=\"text-align: left;\"><a href=\"http:\/\/www.falundafa.fi\/kirjat\/0\/falun-gong-2012\/kappale-iv-falun-gong-harjoitusjarjestelma\/#5-yliluonnollisten-kykyjen-vahvistaminen-shentong-jiachi-fa\">5. Yliluonnollisten kykyjen vahvistaminen (Shentong Jiachi Fa)<\/a><\/p>\n<a class=\"mwm-aal-item\" name=\"kappale-v-kysymykset-ja-vastaukset\"><\/a><h2 style=\"text-align: left;\"><a href=\"http:\/\/www.falundafa.fi\/kirjat\/0\/falun-gong-2012\/kappale-v-kysymykset-ja-vastaukset\/\">Kappale V \u2013 Kysymykset ja vastaukset<\/a><\/h2>\n<p style=\"text-align: left;\"><a href=\"http:\/\/www.falundafa.fi\/kirjat\/0\/falun-gong-2012\/kappale-v-kysymykset-ja-vastaukset\/#1-falun-ja-falun-gong\">1. Falun ja Falun Gong<\/a><\/p>\n<p style=\"text-align: left;\"><a href=\"http:\/\/www.falundafa.fi\/kirjat\/0\/falun-gong-2012\/kappale-v-kysymykset-ja-vastaukset\/#2-liikesarjojen-periaatteet-ja-menetelmat\">2. Liikesarjojen periaatteet ja menetelm\u00e4t<\/a><\/p>\n<p style=\"text-align: left;\"><a href=\"http:\/\/www.falundafa.fi\/kirjat\/0\/falun-gong-2012\/kappale-v-kysymykset-ja-vastaukset\/#3-luonteenlaadun-kultivointi\">3. Luonteenlaadun kultivointi<\/a><\/p>\n<p style=\"text-align: left;\"><a href=\"http:\/\/www.falundafa.fi\/kirjat\/0\/falun-gong-2012\/kappale-v-kysymykset-ja-vastaukset\/#4-taivaallinen-silma\">4. Taivaallinen silm\u00e4<\/a><\/p>\n<p style=\"text-align: left;\"><a href=\"http:\/\/www.falundafa.fi\/kirjat\/0\/falun-gong-2012\/kappale-v-kysymykset-ja-vastaukset\/#5-koettelemukset\">5. Koettelemukset<\/a><\/p>\n<p style=\"text-align: left;\"><a href=\"http:\/\/www.falundafa.fi\/kirjat\/0\/falun-gong-2012\/kappale-v-kysymykset-ja-vastaukset\/#6-ulottuvuudet-ja-ihmiskunta\">6. Ulottuvuudet ja ihmiskunta<\/a><\/p>\n<p>[\/et_pb_text][et_pb_divider admin_label=\u201dDivider\u201d color=\u201d#e8e8e8&#8243; show_divider=\u201don\u201d divider_style=\u201dsolid\u201d divider_position=\u201dtop\u201d hide_on_mobile=\u201doff\u201d height=\u201d50&#8243;]<\/p>\n<p>&nbsp;<\/p>\n<p>[\/et_pb_divider][\/et_pb_column][\/et_pb_row][\/et_pb_section]<\/p>\n","protected":false},"excerpt":{"rendered":"<p>Falun Gong Li Hongzhi (1993) Suomenkielinen k\u00e4\u00e4nn\u00f6s\u00a0(2012) Kaikki oikeudet pid\u00e4tet\u00e4\u00e4n. Kirjan viitteet ovat k\u00e4\u00e4nt\u00e4jien lis\u00e4yksi\u00e4. &nbsp; L\u00fany\u01d4 Kappale I\u00a0\u2013 Johdanto 1. Qigongin alkuper\u00e4 2. Qi ja gong 3. Gong-voima ja yliluonnolliset kyvyt 4. Taivaallinen silm\u00e4 5. Qigong-hoidot ja sairaalahoidot 6. Buddha-j\u00e4rjestelm\u00e4n qigong ja buddhalaisuus uskontona 7. Oikeamieliset kultivointimenetelm\u00e4t ja harhaoppiset menetelm\u00e4t Kappale II \u2013 Falun [&hellip;]<\/p>\n","protected":false},"author":1,"featured_media":0,"parent":0,"menu_order":0,"comment_status":"closed","ping_status":"closed","template":"page-template-blank.php","meta":{"_et_pb_use_builder":"on","_et_pb_old_content":"","_et_gb_content_width":"","inline_featured_image":false,"_exactmetrics_skip_tracking":false,"_exactmetrics_sitenote_active":false,"_exactmetrics_sitenote_note":"","_exactmetrics_sitenote_category":0,"footnotes":""},"categories":[],"tags":[],"class_list":["post-305","page","type-page","status-publish","hentry"],"yoast_head":"<!-- This site is optimized with the Yoast SEO plugin v24.0 - https:\/\/yoast.com\/wordpress\/plugins\/seo\/ -->\n<title>Falun Gong (2012) - Falun Dafa \/ Falun Gong | Kirjat ja luennot<\/title>\n<meta name=\"robots\" content=\"index, follow, max-snippet:-1, max-image-preview:large, max-video-preview:-1\" \/>\n<link rel=\"canonical\" href=\"https:\/\/www.falundafa.fi\/kirjat\/0\/falun-gong-2012\/\" \/>\n<meta property=\"og:locale\" content=\"en_US\" \/>\n<meta property=\"og:type\" content=\"article\" \/>\n<meta property=\"og:title\" content=\"Falun Gong (2012) - Falun Dafa \/ Falun Gong | Kirjat ja luennot\" \/>\n<meta property=\"og:description\" content=\"Falun Gong Li Hongzhi (1993) Suomenkielinen k\u00e4\u00e4nn\u00f6s\u00a0(2012) Kaikki oikeudet pid\u00e4tet\u00e4\u00e4n. Kirjan viitteet ovat k\u00e4\u00e4nt\u00e4jien lis\u00e4yksi\u00e4. &nbsp; L\u00fany\u01d4 Kappale I\u00a0\u2013 Johdanto 1. Qigongin alkuper\u00e4 2. Qi ja gong 3. Gong-voima ja yliluonnolliset kyvyt 4. Taivaallinen silm\u00e4 5. Qigong-hoidot ja sairaalahoidot 6. Buddha-j\u00e4rjestelm\u00e4n qigong ja buddhalaisuus uskontona 7. Oikeamieliset kultivointimenetelm\u00e4t ja harhaoppiset menetelm\u00e4t Kappale II \u2013 Falun [&hellip;]\" \/>\n<meta property=\"og:url\" content=\"https:\/\/www.falundafa.fi\/kirjat\/0\/falun-gong-2012\/\" \/>\n<meta property=\"og:site_name\" content=\"Falun Dafa \/ Falun Gong | Kirjat ja luennot\" \/>\n<meta property=\"article:modified_time\" content=\"2015-10-02T07:01:19+00:00\" \/>\n<meta name=\"twitter:card\" content=\"summary_large_image\" \/>\n<meta name=\"twitter:label1\" content=\"Est. reading time\" \/>\n\t<meta name=\"twitter:data1\" content=\"2 minutes\" \/>\n<script type=\"application\/ld+json\" class=\"yoast-schema-graph\">{\"@context\":\"https:\/\/schema.org\",\"@graph\":[{\"@type\":\"WebPage\",\"@id\":\"https:\/\/www.falundafa.fi\/kirjat\/0\/falun-gong-2012\/\",\"url\":\"https:\/\/www.falundafa.fi\/kirjat\/0\/falun-gong-2012\/\",\"name\":\"Falun Gong (2012) - Falun Dafa \/ Falun Gong | Kirjat ja luennot\",\"isPartOf\":{\"@id\":\"https:\/\/www.falundafa.fi\/kirjat\/0\/#website\"},\"datePublished\":\"2015-09-24T02:15:54+00:00\",\"dateModified\":\"2015-10-02T07:01:19+00:00\",\"breadcrumb\":{\"@id\":\"https:\/\/www.falundafa.fi\/kirjat\/0\/falun-gong-2012\/#breadcrumb\"},\"inLanguage\":\"en-US\",\"potentialAction\":[{\"@type\":\"ReadAction\",\"target\":[\"https:\/\/www.falundafa.fi\/kirjat\/0\/falun-gong-2012\/\"]}]},{\"@type\":\"BreadcrumbList\",\"@id\":\"https:\/\/www.falundafa.fi\/kirjat\/0\/falun-gong-2012\/#breadcrumb\",\"itemListElement\":[{\"@type\":\"ListItem\",\"position\":1,\"name\":\"Home\",\"item\":\"https:\/\/www.falundafa.fi\/kirjat\/0\/\"},{\"@type\":\"ListItem\",\"position\":2,\"name\":\"Falun Gong (2012)\"}]},{\"@type\":\"WebSite\",\"@id\":\"https:\/\/www.falundafa.fi\/kirjat\/0\/#website\",\"url\":\"https:\/\/www.falundafa.fi\/kirjat\/0\/\",\"name\":\"Falun Dafa \/ Falun Gong | Kirjat ja luennot\",\"description\":\"Lue Li Hongzhi&#039;n suomeksi k\u00e4\u00e4nnettyj\u00e4 kirjoja ja luentoja verkossa.\",\"potentialAction\":[{\"@type\":\"SearchAction\",\"target\":{\"@type\":\"EntryPoint\",\"urlTemplate\":\"https:\/\/www.falundafa.fi\/kirjat\/0\/?s={search_term_string}\"},\"query-input\":{\"@type\":\"PropertyValueSpecification\",\"valueRequired\":true,\"valueName\":\"search_term_string\"}}],\"inLanguage\":\"en-US\"}]}<\/script>\n<!-- \/ Yoast SEO plugin. -->","yoast_head_json":{"title":"Falun Gong (2012) - Falun Dafa \/ Falun Gong | Kirjat ja luennot","robots":{"index":"index","follow":"follow","max-snippet":"max-snippet:-1","max-image-preview":"max-image-preview:large","max-video-preview":"max-video-preview:-1"},"canonical":"https:\/\/www.falundafa.fi\/kirjat\/0\/falun-gong-2012\/","og_locale":"en_US","og_type":"article","og_title":"Falun Gong (2012) - Falun Dafa \/ Falun Gong | Kirjat ja luennot","og_description":"Falun Gong Li Hongzhi (1993) Suomenkielinen k\u00e4\u00e4nn\u00f6s\u00a0(2012) Kaikki oikeudet pid\u00e4tet\u00e4\u00e4n. Kirjan viitteet ovat k\u00e4\u00e4nt\u00e4jien lis\u00e4yksi\u00e4. &nbsp; L\u00fany\u01d4 Kappale I\u00a0\u2013 Johdanto 1. Qigongin alkuper\u00e4 2. Qi ja gong 3. Gong-voima ja yliluonnolliset kyvyt 4. Taivaallinen silm\u00e4 5. Qigong-hoidot ja sairaalahoidot 6. Buddha-j\u00e4rjestelm\u00e4n qigong ja buddhalaisuus uskontona 7. Oikeamieliset kultivointimenetelm\u00e4t ja harhaoppiset menetelm\u00e4t Kappale II \u2013 Falun [&hellip;]","og_url":"https:\/\/www.falundafa.fi\/kirjat\/0\/falun-gong-2012\/","og_site_name":"Falun Dafa \/ Falun Gong | Kirjat ja luennot","article_modified_time":"2015-10-02T07:01:19+00:00","twitter_card":"summary_large_image","twitter_misc":{"Est. reading time":"2 minutes"},"schema":{"@context":"https:\/\/schema.org","@graph":[{"@type":"WebPage","@id":"https:\/\/www.falundafa.fi\/kirjat\/0\/falun-gong-2012\/","url":"https:\/\/www.falundafa.fi\/kirjat\/0\/falun-gong-2012\/","name":"Falun Gong (2012) - Falun Dafa \/ Falun Gong | Kirjat ja luennot","isPartOf":{"@id":"https:\/\/www.falundafa.fi\/kirjat\/0\/#website"},"datePublished":"2015-09-24T02:15:54+00:00","dateModified":"2015-10-02T07:01:19+00:00","breadcrumb":{"@id":"https:\/\/www.falundafa.fi\/kirjat\/0\/falun-gong-2012\/#breadcrumb"},"inLanguage":"en-US","potentialAction":[{"@type":"ReadAction","target":["https:\/\/www.falundafa.fi\/kirjat\/0\/falun-gong-2012\/"]}]},{"@type":"BreadcrumbList","@id":"https:\/\/www.falundafa.fi\/kirjat\/0\/falun-gong-2012\/#breadcrumb","itemListElement":[{"@type":"ListItem","position":1,"name":"Home","item":"https:\/\/www.falundafa.fi\/kirjat\/0\/"},{"@type":"ListItem","position":2,"name":"Falun Gong (2012)"}]},{"@type":"WebSite","@id":"https:\/\/www.falundafa.fi\/kirjat\/0\/#website","url":"https:\/\/www.falundafa.fi\/kirjat\/0\/","name":"Falun Dafa \/ Falun Gong | Kirjat ja luennot","description":"Lue Li Hongzhi&#039;n suomeksi k\u00e4\u00e4nnettyj\u00e4 kirjoja ja luentoja verkossa.","potentialAction":[{"@type":"SearchAction","target":{"@type":"EntryPoint","urlTemplate":"https:\/\/www.falundafa.fi\/kirjat\/0\/?s={search_term_string}"},"query-input":{"@type":"PropertyValueSpecification","valueRequired":true,"valueName":"search_term_string"}}],"inLanguage":"en-US"}]}},"_links":{"self":[{"href":"https:\/\/www.falundafa.fi\/kirjat\/0\/wp-json\/wp\/v2\/pages\/305","targetHints":{"allow":["GET"]}}],"collection":[{"href":"https:\/\/www.falundafa.fi\/kirjat\/0\/wp-json\/wp\/v2\/pages"}],"about":[{"href":"https:\/\/www.falundafa.fi\/kirjat\/0\/wp-json\/wp\/v2\/types\/page"}],"author":[{"embeddable":true,"href":"https:\/\/www.falundafa.fi\/kirjat\/0\/wp-json\/wp\/v2\/users\/1"}],"replies":[{"embeddable":true,"href":"https:\/\/www.falundafa.fi\/kirjat\/0\/wp-json\/wp\/v2\/comments?post=305"}],"version-history":[{"count":0,"href":"https:\/\/www.falundafa.fi\/kirjat\/0\/wp-json\/wp\/v2\/pages\/305\/revisions"}],"wp:attachment":[{"href":"https:\/\/www.falundafa.fi\/kirjat\/0\/wp-json\/wp\/v2\/media?parent=305"}],"wp:term":[{"taxonomy":"category","embeddable":true,"href":"https:\/\/www.falundafa.fi\/kirjat\/0\/wp-json\/wp\/v2\/categories?post=305"},{"taxonomy":"post_tag","embeddable":true,"href":"https:\/\/www.falundafa.fi\/kirjat\/0\/wp-json\/wp\/v2\/tags?post=305"}],"curies":[{"name":"wp","href":"https:\/\/api.w.org\/{rel}","templated":true}]}}